{"id":9,"date":"2023-07-03T16:59:32","date_gmt":"2023-07-03T16:59:32","guid":{"rendered":"http:\/\/vigna.ch\/?page_id=9"},"modified":"2023-07-28T09:46:48","modified_gmt":"2023-07-28T09:46:48","slug":"erdgeschoss","status":"publish","type":"page","link":"https:\/\/vigna.ch\/?page_id=9","title":{"rendered":"Erdgeschoss"},"content":{"rendered":"\t\t<div data-elementor-type=\"wp-page\" data-elementor-id=\"9\" class=\"elementor elementor-9\">\n\t\t\t\t\t\t<section class=\"elementor-section elementor-top-section elementor-element elementor-element-25d944d elementor-section-boxed elementor-section-height-default elementor-section-height-default\" data-id=\"25d944d\" data-element_type=\"section\" data-e-type=\"section\">\n\t\t\t\t\t\t<div class=\"elementor-container elementor-column-gap-default\">\n\t\t\t\t\t<div class=\"elementor-column elementor-col-100 elementor-top-column elementor-element elementor-element-8464d3c\" data-id=\"8464d3c\" data-element_type=\"column\" data-e-type=\"column\">\n\t\t\t<div class=\"elementor-widget-wrap elementor-element-populated\">\n\t\t\t\t\t\t<div class=\"elementor-element elementor-element-49252e6 elementor-hidden-desktop elementor-hidden-mobile elementor-widget elementor-widget-image\" data-id=\"49252e6\" data-element_type=\"widget\" data-e-type=\"widget\" data-widget_type=\"image.default\">\n\t\t\t\t<div class=\"elementor-widget-container\">\n\t\t\t\t\t\t\t\t\t\t\t\t\t\t\t<img fetchpriority=\"high\" decoding=\"async\" width=\"600\" height=\"400\" src=\"https:\/\/vigna.ch\/wp-content\/uploads\/2023\/07\/NIK_0325-1024x683.jpeg\" class=\"attachment-large size-large wp-image-759\" alt=\"\" srcset=\"https:\/\/vigna.ch\/wp-content\/uploads\/2023\/07\/NIK_0325-1024x683.jpeg 1024w, https:\/\/vigna.ch\/wp-content\/uploads\/2023\/07\/NIK_0325-300x200.jpeg 300w, https:\/\/vigna.ch\/wp-content\/uploads\/2023\/07\/NIK_0325-768x512.jpeg 768w, https:\/\/vigna.ch\/wp-content\/uploads\/2023\/07\/NIK_0325-1536x1024.jpeg 1536w, https:\/\/vigna.ch\/wp-content\/uploads\/2023\/07\/NIK_0325-2048x1365.jpeg 2048w, https:\/\/vigna.ch\/wp-content\/uploads\/2023\/07\/NIK_0325-500x333.jpeg 500w, https:\/\/vigna.ch\/wp-content\/uploads\/2023\/07\/NIK_0325-800x533.jpeg 800w, https:\/\/vigna.ch\/wp-content\/uploads\/2023\/07\/NIK_0325-1280x853.jpeg 1280w, https:\/\/vigna.ch\/wp-content\/uploads\/2023\/07\/NIK_0325-1920x1280.jpeg 1920w, https:\/\/vigna.ch\/wp-content\/uploads\/2023\/07\/NIK_0325-1240x827.jpeg 1240w, https:\/\/vigna.ch\/wp-content\/uploads\/2023\/07\/NIK_0325-508x339.jpeg 508w\" sizes=\"(max-width: 600px) 100vw, 600px\" \/>\t\t\t\t\t\t\t\t\t\t\t\t\t\t\t<\/div>\n\t\t\t\t<\/div>\n\t\t\t\t\t<\/div>\n\t\t<\/div>\n\t\t\t\t\t<\/div>\n\t\t<\/section>\n\t\t\t\t<section class=\"elementor-section elementor-top-section elementor-element elementor-element-931afee elementor-section-boxed elementor-section-height-default elementor-section-height-default\" data-id=\"931afee\" data-element_type=\"section\" data-e-type=\"section\">\n\t\t\t\t\t\t<div class=\"elementor-container elementor-column-gap-default\">\n\t\t\t\t\t<div class=\"elementor-column elementor-col-100 elementor-top-column elementor-element elementor-element-b138aa6\" data-id=\"b138aa6\" data-element_type=\"column\" data-e-type=\"column\">\n\t\t\t<div class=\"elementor-widget-wrap elementor-element-populated\">\n\t\t\t\t\t\t<div class=\"elementor-element elementor-element-42a1360 elementor-hidden-desktop elementor-hidden-mobile elementor-widget elementor-widget-text-editor\" data-id=\"42a1360\" data-element_type=\"widget\" data-e-type=\"widget\" data-widget_type=\"text-editor.default\">\n\t\t\t\t<div class=\"elementor-widget-container\">\n\t\t\t\t\t\t\t\t\t<h1>Erdgeschoss<\/h1><p>Der Eingang befindet sich auf der sonnigen S\u00fcdwestseite des Hauses. Man betritt direkt den Wohnbereich im Erdgeschoss, mit Esstisch, Chemin\u00e9 und K\u00fcche. Im Badezimmer auf der gleichen Ebene befinden sich das WC, eine Dusche mit Vorhang sowie eine Waschmaschine.<\/p><p>Der ausserhalb des Hauses angebrachte Gasboiler (Caldaia) versorgt das Haus mit Warmwasser und in der kalten Jahreszeit mit W\u00e4rme. (Radiatoren im Wohnbereich, im Bad und im 1. Stock)<\/p>\t\t\t\t\t\t\t\t<\/div>\n\t\t\t\t<\/div>\n\t\t\t\t\t<\/div>\n\t\t<\/div>\n\t\t\t\t\t<\/div>\n\t\t<\/section>\n\t\t\t\t<section class=\"elementor-section elementor-top-section elementor-element elementor-element-ed11da0 elementor-hidden-tablet elementor-section-boxed elementor-section-height-default elementor-section-height-default\" data-id=\"ed11da0\" data-element_type=\"section\" data-e-type=\"section\">\n\t\t\t\t\t\t<div class=\"elementor-container elementor-column-gap-default\">\n\t\t\t\t\t<div class=\"elementor-column elementor-col-50 elementor-top-column elementor-element elementor-element-489c001\" data-id=\"489c001\" data-element_type=\"column\" data-e-type=\"column\">\n\t\t\t<div class=\"elementor-widget-wrap elementor-element-populated\">\n\t\t\t\t\t\t<div class=\"elementor-element elementor-element-fee1827 elementor-widget elementor-widget-image\" data-id=\"fee1827\" data-element_type=\"widget\" data-e-type=\"widget\" data-widget_type=\"image.default\">\n\t\t\t\t<div class=\"elementor-widget-container\">\n\t\t\t\t\t\t\t\t\t\t\t\t\t\t\t<img fetchpriority=\"high\" decoding=\"async\" width=\"600\" height=\"400\" src=\"https:\/\/vigna.ch\/wp-content\/uploads\/2023\/07\/NIK_0325-1024x683.jpeg\" class=\"attachment-large size-large wp-image-759\" alt=\"\" srcset=\"https:\/\/vigna.ch\/wp-content\/uploads\/2023\/07\/NIK_0325-1024x683.jpeg 1024w, https:\/\/vigna.ch\/wp-content\/uploads\/2023\/07\/NIK_0325-300x200.jpeg 300w, https:\/\/vigna.ch\/wp-content\/uploads\/2023\/07\/NIK_0325-768x512.jpeg 768w, https:\/\/vigna.ch\/wp-content\/uploads\/2023\/07\/NIK_0325-1536x1024.jpeg 1536w, https:\/\/vigna.ch\/wp-content\/uploads\/2023\/07\/NIK_0325-2048x1365.jpeg 2048w, https:\/\/vigna.ch\/wp-content\/uploads\/2023\/07\/NIK_0325-500x333.jpeg 500w, https:\/\/vigna.ch\/wp-content\/uploads\/2023\/07\/NIK_0325-800x533.jpeg 800w, https:\/\/vigna.ch\/wp-content\/uploads\/2023\/07\/NIK_0325-1280x853.jpeg 1280w, https:\/\/vigna.ch\/wp-content\/uploads\/2023\/07\/NIK_0325-1920x1280.jpeg 1920w, https:\/\/vigna.ch\/wp-content\/uploads\/2023\/07\/NIK_0325-1240x827.jpeg 1240w, https:\/\/vigna.ch\/wp-content\/uploads\/2023\/07\/NIK_0325-508x339.jpeg 508w\" sizes=\"(max-width: 600px) 100vw, 600px\" \/>\t\t\t\t\t\t\t\t\t\t\t\t\t\t\t<\/div>\n\t\t\t\t<\/div>\n\t\t\t\t\t<\/div>\n\t\t<\/div>\n\t\t\t\t<div class=\"elementor-column elementor-col-50 elementor-top-column elementor-element elementor-element-03c3120\" data-id=\"03c3120\" data-element_type=\"column\" data-e-type=\"column\">\n\t\t\t<div class=\"elementor-widget-wrap elementor-element-populated\">\n\t\t\t\t\t\t<div class=\"elementor-element elementor-element-7fc460e elementor-widget elementor-widget-text-editor\" data-id=\"7fc460e\" data-element_type=\"widget\" data-e-type=\"widget\" data-widget_type=\"text-editor.default\">\n\t\t\t\t<div class=\"elementor-widget-container\">\n\t\t\t\t\t\t\t\t\t<h1>Erdgeschoss<\/h1><p>Der Eingang befindet sich auf der sonnigen S\u00fcdwestseite des Hauses. Man betritt direkt den Wohnbereich im Erdgeschoss, mit Esstisch, Chemin\u00e9 und K\u00fcche. Im Badezimmer auf der gleichen Ebene befinden sich das WC, eine Dusche mit Vorhang sowie eine Waschmaschine.<\/p><p>Der ausserhalb des Hauses angebrachte Gasboiler (Caldaia) versorgt das Haus mit Warmwasser und in der kalten Jahreszeit mit W\u00e4rme. (Radiatoren im Wohnbereich, im Bad und im 1. Stock)<\/p>\t\t\t\t\t\t\t\t<\/div>\n\t\t\t\t<\/div>\n\t\t\t\t\t<\/div>\n\t\t<\/div>\n\t\t\t\t\t<\/div>\n\t\t<\/section>\n\t\t\t\t<section class=\"elementor-section elementor-top-section elementor-element elementor-element-5f27cd7 elementor-section-boxed elementor-section-height-default elementor-section-height-default\" data-id=\"5f27cd7\" data-element_type=\"section\" data-e-type=\"section\">\n\t\t\t\t\t\t<div class=\"elementor-container elementor-column-gap-default\">\n\t\t\t\t\t<div class=\"elementor-column elementor-col-50 elementor-top-column elementor-element elementor-element-97e6aeb\" data-id=\"97e6aeb\" data-element_type=\"column\" data-e-type=\"column\">\n\t\t\t<div class=\"elementor-widget-wrap elementor-element-populated\">\n\t\t\t\t\t\t<div class=\"elementor-element elementor-element-ed60db7 elementor-widget elementor-widget-image\" data-id=\"ed60db7\" data-element_type=\"widget\" data-e-type=\"widget\" data-widget_type=\"image.default\">\n\t\t\t\t<div class=\"elementor-widget-container\">\n\t\t\t\t\t\t\t\t\t\t\t\t\t\t\t<img decoding=\"async\" width=\"600\" height=\"400\" src=\"https:\/\/vigna.ch\/wp-content\/uploads\/2023\/07\/DSC00150-2-1-1024x683.jpeg\" class=\"attachment-large size-large wp-image-761\" alt=\"\" srcset=\"https:\/\/vigna.ch\/wp-content\/uploads\/2023\/07\/DSC00150-2-1-1024x683.jpeg 1024w, https:\/\/vigna.ch\/wp-content\/uploads\/2023\/07\/DSC00150-2-1-300x200.jpeg 300w, https:\/\/vigna.ch\/wp-content\/uploads\/2023\/07\/DSC00150-2-1-768x512.jpeg 768w, https:\/\/vigna.ch\/wp-content\/uploads\/2023\/07\/DSC00150-2-1-1536x1024.jpeg 1536w, https:\/\/vigna.ch\/wp-content\/uploads\/2023\/07\/DSC00150-2-1-2048x1365.jpeg 2048w, https:\/\/vigna.ch\/wp-content\/uploads\/2023\/07\/DSC00150-2-1-500x333.jpeg 500w, https:\/\/vigna.ch\/wp-content\/uploads\/2023\/07\/DSC00150-2-1-800x533.jpeg 800w, https:\/\/vigna.ch\/wp-content\/uploads\/2023\/07\/DSC00150-2-1-1280x853.jpeg 1280w, https:\/\/vigna.ch\/wp-content\/uploads\/2023\/07\/DSC00150-2-1-1920x1280.jpeg 1920w, https:\/\/vigna.ch\/wp-content\/uploads\/2023\/07\/DSC00150-2-1-1240x827.jpeg 1240w, https:\/\/vigna.ch\/wp-content\/uploads\/2023\/07\/DSC00150-2-1-508x339.jpeg 508w\" sizes=\"(max-width: 600px) 100vw, 600px\" \/>\t\t\t\t\t\t\t\t\t\t\t\t\t\t\t<\/div>\n\t\t\t\t<\/div>\n\t\t\t\t\t<\/div>\n\t\t<\/div>\n\t\t\t\t<div class=\"elementor-column elementor-col-50 elementor-top-column elementor-element elementor-element-ff5a349\" data-id=\"ff5a349\" data-element_type=\"column\" data-e-type=\"column\">\n\t\t\t<div class=\"elementor-widget-wrap elementor-element-populated\">\n\t\t\t\t\t\t<div class=\"elementor-element elementor-element-f55461d elementor-widget elementor-widget-image\" data-id=\"f55461d\" data-element_type=\"widget\" data-e-type=\"widget\" data-widget_type=\"image.default\">\n\t\t\t\t<div class=\"elementor-widget-container\">\n\t\t\t\t\t\t\t\t\t\t\t\t\t\t\t<img decoding=\"async\" width=\"600\" height=\"400\" src=\"https:\/\/vigna.ch\/wp-content\/uploads\/2023\/07\/NIK_0362-1024x683.jpeg\" class=\"attachment-large size-large wp-image-768\" alt=\"\" srcset=\"https:\/\/vigna.ch\/wp-content\/uploads\/2023\/07\/NIK_0362-1024x683.jpeg 1024w, https:\/\/vigna.ch\/wp-content\/uploads\/2023\/07\/NIK_0362-300x200.jpeg 300w, https:\/\/vigna.ch\/wp-content\/uploads\/2023\/07\/NIK_0362-768x512.jpeg 768w, https:\/\/vigna.ch\/wp-content\/uploads\/2023\/07\/NIK_0362-1536x1024.jpeg 1536w, https:\/\/vigna.ch\/wp-content\/uploads\/2023\/07\/NIK_0362-2048x1365.jpeg 2048w, https:\/\/vigna.ch\/wp-content\/uploads\/2023\/07\/NIK_0362-500x333.jpeg 500w, https:\/\/vigna.ch\/wp-content\/uploads\/2023\/07\/NIK_0362-800x533.jpeg 800w, https:\/\/vigna.ch\/wp-content\/uploads\/2023\/07\/NIK_0362-1280x853.jpeg 1280w, https:\/\/vigna.ch\/wp-content\/uploads\/2023\/07\/NIK_0362-1920x1280.jpeg 1920w, https:\/\/vigna.ch\/wp-content\/uploads\/2023\/07\/NIK_0362-1240x827.jpeg 1240w, https:\/\/vigna.ch\/wp-content\/uploads\/2023\/07\/NIK_0362-508x339.jpeg 508w\" sizes=\"(max-width: 600px) 100vw, 600px\" \/>\t\t\t\t\t\t\t\t\t\t\t\t\t\t\t<\/div>\n\t\t\t\t<\/div>\n\t\t\t\t\t<\/div>\n\t\t<\/div>\n\t\t\t\t\t<\/div>\n\t\t<\/section>\n\t\t\t\t<section class=\"elementor-section elementor-top-section elementor-element elementor-element-923f660 elementor-section-boxed elementor-section-height-default elementor-section-height-default\" data-id=\"923f660\" data-element_type=\"section\" data-e-type=\"section\">\n\t\t\t\t\t\t<div class=\"elementor-container elementor-column-gap-default\">\n\t\t\t\t\t<div class=\"elementor-column elementor-col-100 elementor-top-column elementor-element elementor-element-cd4e957\" data-id=\"cd4e957\" data-element_type=\"column\" data-e-type=\"column\">\n\t\t\t<div class=\"elementor-widget-wrap\">\n\t\t\t\t\t\t\t<\/div>\n\t\t<\/div>\n\t\t\t\t\t<\/div>\n\t\t<\/section>\n\t\t\t\t<\/div>\n\t\t","protected":false},"excerpt":{"rendered":"<p>Erdgeschoss Der Eingang befindet sich auf der sonnigen S\u00fcdwestseite des Hauses. Man betritt direkt den Wohnbereich im Erdgeschoss, mit Esstisch, Chemin\u00e9 und K\u00fcche. Im Badezimmer auf der gleichen Ebene befinden sich das WC, eine Dusche mit Vorhang sowie eine Waschmaschine. Der ausserhalb des Hauses angebrachte Gasboiler (Caldaia) versorgt das Haus mit Warmwasser und in der [&hellip;]<\/p>\n","protected":false},"author":1,"featured_media":0,"parent":0,"menu_order":0,"comment_status":"closed","ping_status":"closed","template":"elementor_header_footer","meta":{"_mc_calendar":[],"_vp_format_video_url":"","_vp_image_focal_point":[],"footnotes":""},"class_list":["post-9","page","type-page","status-publish","hentry"],"_links":{"self":[{"href":"https:\/\/vigna.ch\/index.php?rest_route=\/wp\/v2\/pages\/9","targetHints":{"allow":["GET"]}}],"collection":[{"href":"https:\/\/vigna.ch\/index.php?rest_route=\/wp\/v2\/pages"}],"about":[{"href":"https:\/\/vigna.ch\/index.php?rest_route=\/wp\/v2\/types\/page"}],"author":[{"embeddable":true,"href":"https:\/\/vigna.ch\/index.php?rest_route=\/wp\/v2\/users\/1"}],"replies":[{"embeddable":true,"href":"https:\/\/vigna.ch\/index.php?rest_route=%2Fwp%2Fv2%2Fcomments&post=9"}],"version-history":[{"count":23,"href":"https:\/\/vigna.ch\/index.php?rest_route=\/wp\/v2\/pages\/9\/revisions"}],"predecessor-version":[{"id":930,"href":"https:\/\/vigna.ch\/index.php?rest_route=\/wp\/v2\/pages\/9\/revisions\/930"}],"wp:attachment":[{"href":"https:\/\/vigna.ch\/index.php?rest_route=%2Fwp%2Fv2%2Fmedia&parent=9"}],"curies":[{"name":"wp","href":"https:\/\/api.w.org\/{rel}","templated":true}]}}