{"id":7,"date":"2023-07-03T16:59:16","date_gmt":"2023-07-03T16:59:16","guid":{"rendered":"http:\/\/vigna.ch\/?page_id=7"},"modified":"2023-07-28T09:43:50","modified_gmt":"2023-07-28T09:43:50","slug":"obergeschoss","status":"publish","type":"page","link":"https:\/\/vigna.ch\/?page_id=7","title":{"rendered":"Obergeschoss"},"content":{"rendered":"\t\t<div data-elementor-type=\"wp-page\" data-elementor-id=\"7\" class=\"elementor elementor-7\">\n\t\t\t\t\t\t<section class=\"elementor-section elementor-top-section elementor-element elementor-element-0958f56 elementor-hidden-desktop elementor-hidden-mobile elementor-section-boxed elementor-section-height-default elementor-section-height-default\" data-id=\"0958f56\" data-element_type=\"section\" data-e-type=\"section\">\n\t\t\t\t\t\t<div class=\"elementor-container elementor-column-gap-default\">\n\t\t\t\t\t<div class=\"elementor-column elementor-col-100 elementor-top-column elementor-element elementor-element-18c05d3\" data-id=\"18c05d3\" data-element_type=\"column\" data-e-type=\"column\">\n\t\t\t<div class=\"elementor-widget-wrap elementor-element-populated\">\n\t\t\t\t\t\t<div class=\"elementor-element elementor-element-b141c5f elementor-widget elementor-widget-text-editor\" data-id=\"b141c5f\" data-element_type=\"widget\" data-e-type=\"widget\" data-widget_type=\"text-editor.default\">\n\t\t\t\t<div class=\"elementor-widget-container\">\n\t\t\t\t\t\t\t\t\t<h1>Obergeschoss<\/h1><p>Das Obergeschoss ist aufgeteilt in zwei R\u00e4ume. Die durch einen Schrank abgetrennte Stube mit Sofa, Arbeitstisch und B\u00fcchergestell, wird vor allem benutzt bei Regenwetter oder nat\u00fcrlich, wenn das Sofa als Doppelbett dient. Von der Stube aus kommt man auf den<\/p><p>Holzbalkon und geniesst eine tolle Aussicht auf die Walliser Alpen. Der Balkon dient aber auch als praktischer W\u00e4schetrockner. \u00dcber die steinerne Aussentreppe gelangt man auf die untere Terrasse.<\/p><p>Das separate Zimmer mit zwei Einzelbetten hat einen kleinen Balkon auf der k\u00fchleren Ostseite des Hauses. Von Familien wird es gerne als Kinderzimmer benutzt.<\/p>\t\t\t\t\t\t\t\t<\/div>\n\t\t\t\t<\/div>\n\t\t\t\t\t<\/div>\n\t\t<\/div>\n\t\t\t\t\t<\/div>\n\t\t<\/section>\n\t\t\t\t<section class=\"elementor-section elementor-top-section elementor-element elementor-element-a8c47cc elementor-hidden-tablet elementor-section-boxed elementor-section-height-default elementor-section-height-default\" data-id=\"a8c47cc\" data-element_type=\"section\" data-e-type=\"section\">\n\t\t\t\t\t\t<div class=\"elementor-container elementor-column-gap-default\">\n\t\t\t\t\t<div class=\"elementor-column elementor-col-50 elementor-top-column elementor-element elementor-element-07faa9f\" data-id=\"07faa9f\" data-element_type=\"column\" data-e-type=\"column\">\n\t\t\t<div class=\"elementor-widget-wrap elementor-element-populated\">\n\t\t\t\t\t\t<div class=\"elementor-element elementor-element-bec8a06 elementor-widget elementor-widget-image\" data-id=\"bec8a06\" data-element_type=\"widget\" data-e-type=\"widget\" data-widget_type=\"image.default\">\n\t\t\t\t<div class=\"elementor-widget-container\">\n\t\t\t\t\t\t\t\t\t\t\t\t\t\t\t<img fetchpriority=\"high\" decoding=\"async\" width=\"600\" height=\"400\" src=\"https:\/\/vigna.ch\/wp-content\/uploads\/2023\/07\/DSC01574-1024x683.jpeg\" class=\"attachment-large size-large wp-image-783\" alt=\"\" srcset=\"https:\/\/vigna.ch\/wp-content\/uploads\/2023\/07\/DSC01574-1024x683.jpeg 1024w, https:\/\/vigna.ch\/wp-content\/uploads\/2023\/07\/DSC01574-300x200.jpeg 300w, https:\/\/vigna.ch\/wp-content\/uploads\/2023\/07\/DSC01574-768x512.jpeg 768w, https:\/\/vigna.ch\/wp-content\/uploads\/2023\/07\/DSC01574-1536x1024.jpeg 1536w, https:\/\/vigna.ch\/wp-content\/uploads\/2023\/07\/DSC01574-2048x1365.jpeg 2048w, https:\/\/vigna.ch\/wp-content\/uploads\/2023\/07\/DSC01574-500x333.jpeg 500w, https:\/\/vigna.ch\/wp-content\/uploads\/2023\/07\/DSC01574-800x533.jpeg 800w, https:\/\/vigna.ch\/wp-content\/uploads\/2023\/07\/DSC01574-1280x853.jpeg 1280w, https:\/\/vigna.ch\/wp-content\/uploads\/2023\/07\/DSC01574-1920x1280.jpeg 1920w, https:\/\/vigna.ch\/wp-content\/uploads\/2023\/07\/DSC01574-1240x827.jpeg 1240w, https:\/\/vigna.ch\/wp-content\/uploads\/2023\/07\/DSC01574-508x339.jpeg 508w\" sizes=\"(max-width: 600px) 100vw, 600px\" \/>\t\t\t\t\t\t\t\t\t\t\t\t\t\t\t<\/div>\n\t\t\t\t<\/div>\n\t\t\t\t\t<\/div>\n\t\t<\/div>\n\t\t\t\t<div class=\"elementor-column elementor-col-50 elementor-top-column elementor-element elementor-element-05a0353\" data-id=\"05a0353\" data-element_type=\"column\" data-e-type=\"column\">\n\t\t\t<div class=\"elementor-widget-wrap elementor-element-populated\">\n\t\t\t\t\t\t<div class=\"elementor-element elementor-element-d076b1a elementor-widget__width-initial elementor-widget elementor-widget-text-editor\" data-id=\"d076b1a\" data-element_type=\"widget\" data-e-type=\"widget\" data-widget_type=\"text-editor.default\">\n\t\t\t\t<div class=\"elementor-widget-container\">\n\t\t\t\t\t\t\t\t\t<h1>Obergeschoss<\/h1><p>Das Obergeschoss ist aufgeteilt in zwei R\u00e4ume. Die durch einen Schrank abgetrennte Stube mit Sofa, Arbeitstisch und B\u00fcchergestell, wird vor allem benutzt bei Regenwetter oder nat\u00fcrlich, wenn das Sofa als Doppelbett dient. Von der Stube aus kommt man auf den Holzbalkon und geniesst eine tolle Aussicht auf die Walliser Alpen. Der Balkon dient aber auch als praktischer W\u00e4schetrockner. \u00dcber die steinerne Aussentreppe gelangt man auf die untere Terrasse.<\/p><p>Das separate Zimmer mit zwei Einzelbetten hat einen kleinen Balkon auf der k\u00fchleren Ostseite des Hauses. Von Familien wird es gerne als Kinderzimmer benutzt.<\/p>\t\t\t\t\t\t\t\t<\/div>\n\t\t\t\t<\/div>\n\t\t\t\t\t<\/div>\n\t\t<\/div>\n\t\t\t\t\t<\/div>\n\t\t<\/section>\n\t\t\t\t<section class=\"elementor-section elementor-top-section elementor-element elementor-element-1f6ff3b elementor-section-boxed elementor-section-height-default elementor-section-height-default\" data-id=\"1f6ff3b\" data-element_type=\"section\" data-e-type=\"section\">\n\t\t\t\t\t\t<div class=\"elementor-container elementor-column-gap-default\">\n\t\t\t\t\t<div class=\"elementor-column elementor-col-50 elementor-top-column elementor-element elementor-element-68930b3\" data-id=\"68930b3\" data-element_type=\"column\" data-e-type=\"column\">\n\t\t\t<div class=\"elementor-widget-wrap elementor-element-populated\">\n\t\t\t\t\t\t<div class=\"elementor-element elementor-element-44e1b63 elementor-widget elementor-widget-image\" data-id=\"44e1b63\" data-element_type=\"widget\" data-e-type=\"widget\" data-widget_type=\"image.default\">\n\t\t\t\t<div class=\"elementor-widget-container\">\n\t\t\t\t\t\t\t\t\t\t\t\t\t\t\t<img decoding=\"async\" width=\"600\" height=\"400\" src=\"https:\/\/vigna.ch\/wp-content\/uploads\/2023\/07\/DSC00152-1024x683.jpeg\" class=\"attachment-large size-large wp-image-535\" alt=\"\" srcset=\"https:\/\/vigna.ch\/wp-content\/uploads\/2023\/07\/DSC00152-1024x683.jpeg 1024w, https:\/\/vigna.ch\/wp-content\/uploads\/2023\/07\/DSC00152-300x200.jpeg 300w, https:\/\/vigna.ch\/wp-content\/uploads\/2023\/07\/DSC00152-768x512.jpeg 768w, https:\/\/vigna.ch\/wp-content\/uploads\/2023\/07\/DSC00152-1536x1024.jpeg 1536w, https:\/\/vigna.ch\/wp-content\/uploads\/2023\/07\/DSC00152-2048x1365.jpeg 2048w, https:\/\/vigna.ch\/wp-content\/uploads\/2023\/07\/DSC00152-500x333.jpeg 500w, https:\/\/vigna.ch\/wp-content\/uploads\/2023\/07\/DSC00152-800x533.jpeg 800w, https:\/\/vigna.ch\/wp-content\/uploads\/2023\/07\/DSC00152-1280x853.jpeg 1280w, https:\/\/vigna.ch\/wp-content\/uploads\/2023\/07\/DSC00152-1920x1280.jpeg 1920w, https:\/\/vigna.ch\/wp-content\/uploads\/2023\/07\/DSC00152-1240x827.jpeg 1240w, https:\/\/vigna.ch\/wp-content\/uploads\/2023\/07\/DSC00152-508x339.jpeg 508w\" sizes=\"(max-width: 600px) 100vw, 600px\" \/>\t\t\t\t\t\t\t\t\t\t\t\t\t\t\t<\/div>\n\t\t\t\t<\/div>\n\t\t\t\t\t<\/div>\n\t\t<\/div>\n\t\t\t\t<div class=\"elementor-column elementor-col-50 elementor-top-column elementor-element elementor-element-5f33348\" data-id=\"5f33348\" data-element_type=\"column\" data-e-type=\"column\">\n\t\t\t<div class=\"elementor-widget-wrap elementor-element-populated\">\n\t\t\t\t\t\t<div class=\"elementor-element elementor-element-aeeb31b elementor-widget elementor-widget-image\" data-id=\"aeeb31b\" data-element_type=\"widget\" data-e-type=\"widget\" data-widget_type=\"image.default\">\n\t\t\t\t<div class=\"elementor-widget-container\">\n\t\t\t\t\t\t\t\t\t\t\t\t\t\t\t<img decoding=\"async\" width=\"600\" height=\"400\" src=\"https:\/\/vigna.ch\/wp-content\/uploads\/2023\/07\/NIK_0233-1024x683.jpeg\" class=\"attachment-large size-large wp-image-775\" alt=\"\" srcset=\"https:\/\/vigna.ch\/wp-content\/uploads\/2023\/07\/NIK_0233-1024x683.jpeg 1024w, https:\/\/vigna.ch\/wp-content\/uploads\/2023\/07\/NIK_0233-300x200.jpeg 300w, https:\/\/vigna.ch\/wp-content\/uploads\/2023\/07\/NIK_0233-768x512.jpeg 768w, https:\/\/vigna.ch\/wp-content\/uploads\/2023\/07\/NIK_0233-1536x1024.jpeg 1536w, https:\/\/vigna.ch\/wp-content\/uploads\/2023\/07\/NIK_0233-2048x1365.jpeg 2048w, https:\/\/vigna.ch\/wp-content\/uploads\/2023\/07\/NIK_0233-500x333.jpeg 500w, https:\/\/vigna.ch\/wp-content\/uploads\/2023\/07\/NIK_0233-800x533.jpeg 800w, https:\/\/vigna.ch\/wp-content\/uploads\/2023\/07\/NIK_0233-1280x853.jpeg 1280w, https:\/\/vigna.ch\/wp-content\/uploads\/2023\/07\/NIK_0233-1920x1280.jpeg 1920w, https:\/\/vigna.ch\/wp-content\/uploads\/2023\/07\/NIK_0233-1240x827.jpeg 1240w, https:\/\/vigna.ch\/wp-content\/uploads\/2023\/07\/NIK_0233-508x339.jpeg 508w\" sizes=\"(max-width: 600px) 100vw, 600px\" \/>\t\t\t\t\t\t\t\t\t\t\t\t\t\t\t<\/div>\n\t\t\t\t<\/div>\n\t\t\t\t\t<\/div>\n\t\t<\/div>\n\t\t\t\t\t<\/div>\n\t\t<\/section>\n\t\t\t\t<\/div>\n\t\t","protected":false},"excerpt":{"rendered":"<p>Obergeschoss Das Obergeschoss ist aufgeteilt in zwei R\u00e4ume. Die durch einen Schrank abgetrennte Stube mit Sofa, Arbeitstisch und B\u00fcchergestell, wird vor allem benutzt bei Regenwetter oder nat\u00fcrlich, wenn das Sofa als Doppelbett dient. Von der Stube aus kommt man auf den Holzbalkon und geniesst eine tolle Aussicht auf die Walliser Alpen. Der Balkon dient aber [&hellip;]<\/p>\n","protected":false},"author":1,"featured_media":0,"parent":0,"menu_order":0,"comment_status":"closed","ping_status":"closed","template":"elementor_header_footer","meta":{"_mc_calendar":[],"_vp_format_video_url":"","_vp_image_focal_point":[],"footnotes":""},"class_list":["post-7","page","type-page","status-publish","hentry"],"_links":{"self":[{"href":"https:\/\/vigna.ch\/index.php?rest_route=\/wp\/v2\/pages\/7","targetHints":{"allow":["GET"]}}],"collection":[{"href":"https:\/\/vigna.ch\/index.php?rest_route=\/wp\/v2\/pages"}],"about":[{"href":"https:\/\/vigna.ch\/index.php?rest_route=\/wp\/v2\/types\/page"}],"author":[{"embeddable":true,"href":"https:\/\/vigna.ch\/index.php?rest_route=\/wp\/v2\/users\/1"}],"replies":[{"embeddable":true,"href":"https:\/\/vigna.ch\/index.php?rest_route=%2Fwp%2Fv2%2Fcomments&post=7"}],"version-history":[{"count":27,"href":"https:\/\/vigna.ch\/index.php?rest_route=\/wp\/v2\/pages\/7\/revisions"}],"predecessor-version":[{"id":924,"href":"https:\/\/vigna.ch\/index.php?rest_route=\/wp\/v2\/pages\/7\/revisions\/924"}],"wp:attachment":[{"href":"https:\/\/vigna.ch\/index.php?rest_route=%2Fwp%2Fv2%2Fmedia&parent=7"}],"curies":[{"name":"wp","href":"https:\/\/api.w.org\/{rel}","templated":true}]}}