{"id":29,"date":"2023-07-03T17:01:00","date_gmt":"2023-07-03T17:01:00","guid":{"rendered":"http:\/\/vigna.ch\/?page_id=29"},"modified":"2023-08-11T09:29:01","modified_gmt":"2023-08-11T09:29:01","slug":"ferien-machen","status":"publish","type":"page","link":"https:\/\/vigna.ch\/?page_id=29","title":{"rendered":"Ferien machen"},"content":{"rendered":"\t\t<div data-elementor-type=\"wp-page\" data-elementor-id=\"29\" class=\"elementor elementor-29\">\n\t\t\t\t\t\t<section class=\"elementor-section elementor-top-section elementor-element elementor-element-5362e04 elementor-hidden-tablet elementor-hidden-mobile elementor-section-boxed elementor-section-height-default elementor-section-height-default\" data-id=\"5362e04\" data-element_type=\"section\" data-e-type=\"section\">\n\t\t\t\t\t\t<div class=\"elementor-container elementor-column-gap-default\">\n\t\t\t\t\t<div class=\"elementor-column elementor-col-50 elementor-top-column elementor-element elementor-element-74814a9\" data-id=\"74814a9\" data-element_type=\"column\" data-e-type=\"column\">\n\t\t\t<div class=\"elementor-widget-wrap elementor-element-populated\">\n\t\t\t\t\t\t<div class=\"elementor-element elementor-element-e3a3663 elementor-widget elementor-widget-image\" data-id=\"e3a3663\" data-element_type=\"widget\" data-e-type=\"widget\" data-widget_type=\"image.default\">\n\t\t\t\t<div class=\"elementor-widget-container\">\n\t\t\t\t\t\t\t\t\t\t\t\t\t\t\t<img fetchpriority=\"high\" decoding=\"async\" width=\"600\" height=\"450\" src=\"https:\/\/vigna.ch\/wp-content\/uploads\/2023\/07\/DSC03405-1024x768.jpeg\" class=\"attachment-large size-large wp-image-849\" alt=\"\" srcset=\"https:\/\/vigna.ch\/wp-content\/uploads\/2023\/07\/DSC03405-1024x768.jpeg 1024w, https:\/\/vigna.ch\/wp-content\/uploads\/2023\/07\/DSC03405-300x225.jpeg 300w, https:\/\/vigna.ch\/wp-content\/uploads\/2023\/07\/DSC03405-768x576.jpeg 768w, https:\/\/vigna.ch\/wp-content\/uploads\/2023\/07\/DSC03405-1536x1152.jpeg 1536w, https:\/\/vigna.ch\/wp-content\/uploads\/2023\/07\/DSC03405-2048x1536.jpeg 2048w, https:\/\/vigna.ch\/wp-content\/uploads\/2023\/07\/DSC03405-500x375.jpeg 500w, https:\/\/vigna.ch\/wp-content\/uploads\/2023\/07\/DSC03405-800x600.jpeg 800w, https:\/\/vigna.ch\/wp-content\/uploads\/2023\/07\/DSC03405-1280x960.jpeg 1280w, https:\/\/vigna.ch\/wp-content\/uploads\/2023\/07\/DSC03405-1920x1440.jpeg 1920w, https:\/\/vigna.ch\/wp-content\/uploads\/2023\/07\/DSC03405-1240x930.jpeg 1240w, https:\/\/vigna.ch\/wp-content\/uploads\/2023\/07\/DSC03405-508x381.jpeg 508w\" sizes=\"(max-width: 600px) 100vw, 600px\" \/>\t\t\t\t\t\t\t\t\t\t\t\t\t\t\t<\/div>\n\t\t\t\t<\/div>\n\t\t\t\t<div class=\"elementor-element elementor-element-f9bffa3 elementor-widget elementor-widget-image\" data-id=\"f9bffa3\" data-element_type=\"widget\" data-e-type=\"widget\" data-widget_type=\"image.default\">\n\t\t\t\t<div class=\"elementor-widget-container\">\n\t\t\t\t\t\t\t\t\t\t\t\t\t\t\t<img decoding=\"async\" width=\"600\" height=\"400\" src=\"https:\/\/vigna.ch\/wp-content\/uploads\/2023\/07\/DSC_0174-1024x683.jpg\" class=\"attachment-large size-large wp-image-855\" alt=\"\" srcset=\"https:\/\/vigna.ch\/wp-content\/uploads\/2023\/07\/DSC_0174-1024x683.jpg 1024w, https:\/\/vigna.ch\/wp-content\/uploads\/2023\/07\/DSC_0174-300x200.jpg 300w, https:\/\/vigna.ch\/wp-content\/uploads\/2023\/07\/DSC_0174-768x512.jpg 768w, https:\/\/vigna.ch\/wp-content\/uploads\/2023\/07\/DSC_0174-1536x1024.jpg 1536w, https:\/\/vigna.ch\/wp-content\/uploads\/2023\/07\/DSC_0174-2048x1365.jpg 2048w, https:\/\/vigna.ch\/wp-content\/uploads\/2023\/07\/DSC_0174-500x333.jpg 500w, https:\/\/vigna.ch\/wp-content\/uploads\/2023\/07\/DSC_0174-800x533.jpg 800w, https:\/\/vigna.ch\/wp-content\/uploads\/2023\/07\/DSC_0174-1280x853.jpg 1280w, https:\/\/vigna.ch\/wp-content\/uploads\/2023\/07\/DSC_0174-1920x1280.jpg 1920w, https:\/\/vigna.ch\/wp-content\/uploads\/2023\/07\/DSC_0174-1240x827.jpg 1240w, https:\/\/vigna.ch\/wp-content\/uploads\/2023\/07\/DSC_0174-508x339.jpg 508w\" sizes=\"(max-width: 600px) 100vw, 600px\" \/>\t\t\t\t\t\t\t\t\t\t\t\t\t\t\t<\/div>\n\t\t\t\t<\/div>\n\t\t\t\t<div class=\"elementor-element elementor-element-c26e7e6 elementor-widget elementor-widget-image\" data-id=\"c26e7e6\" data-element_type=\"widget\" data-e-type=\"widget\" data-widget_type=\"image.default\">\n\t\t\t\t<div class=\"elementor-widget-container\">\n\t\t\t\t\t\t\t\t\t\t\t\t\t\t\t<img decoding=\"async\" width=\"600\" height=\"400\" src=\"https:\/\/vigna.ch\/wp-content\/uploads\/2023\/07\/NIK_0713-1024x683.jpeg\" class=\"attachment-large size-large wp-image-856\" alt=\"\" srcset=\"https:\/\/vigna.ch\/wp-content\/uploads\/2023\/07\/NIK_0713-1024x683.jpeg 1024w, https:\/\/vigna.ch\/wp-content\/uploads\/2023\/07\/NIK_0713-300x200.jpeg 300w, https:\/\/vigna.ch\/wp-content\/uploads\/2023\/07\/NIK_0713-768x512.jpeg 768w, https:\/\/vigna.ch\/wp-content\/uploads\/2023\/07\/NIK_0713-1536x1024.jpeg 1536w, https:\/\/vigna.ch\/wp-content\/uploads\/2023\/07\/NIK_0713-2048x1365.jpeg 2048w, https:\/\/vigna.ch\/wp-content\/uploads\/2023\/07\/NIK_0713-500x333.jpeg 500w, https:\/\/vigna.ch\/wp-content\/uploads\/2023\/07\/NIK_0713-800x533.jpeg 800w, https:\/\/vigna.ch\/wp-content\/uploads\/2023\/07\/NIK_0713-1280x853.jpeg 1280w, https:\/\/vigna.ch\/wp-content\/uploads\/2023\/07\/NIK_0713-1920x1280.jpeg 1920w, https:\/\/vigna.ch\/wp-content\/uploads\/2023\/07\/NIK_0713-1240x827.jpeg 1240w, https:\/\/vigna.ch\/wp-content\/uploads\/2023\/07\/NIK_0713-508x339.jpeg 508w\" sizes=\"(max-width: 600px) 100vw, 600px\" \/>\t\t\t\t\t\t\t\t\t\t\t\t\t\t\t<\/div>\n\t\t\t\t<\/div>\n\t\t\t\t\t<\/div>\n\t\t<\/div>\n\t\t\t\t<div class=\"elementor-column elementor-col-50 elementor-top-column elementor-element elementor-element-519ec57\" data-id=\"519ec57\" data-element_type=\"column\" data-e-type=\"column\">\n\t\t\t<div class=\"elementor-widget-wrap elementor-element-populated\">\n\t\t\t\t\t\t<div class=\"elementor-element elementor-element-5f4a370 elementor-widget__width-initial custom-link-color elementor-widget elementor-widget-text-editor\" data-id=\"5f4a370\" data-element_type=\"widget\" data-e-type=\"widget\" data-widget_type=\"text-editor.default\">\n\t\t\t\t<div class=\"elementor-widget-container\">\n\t\t\t\t\t\t\t\t\t<h1>Ferien machen<\/h1><p>Wer in den Ferien vor allem die Ruhe sucht ist in der Casa Cocco am richtigen Ort. Direkt vom Haus aus kann man sch\u00f6ne Spazierg\u00e4nge machen hin\u00fcber zum Dorfteil Castello, zum Bach Graglia mit den renovierten alten M\u00fchlen und dem Badeplatz usw. Eine kurze Wanderung f\u00fchrt nach Verigo und dem ausgestorbenen Dorf Marone oder noch etwas weiter, zum alten Restaurant Ca\u2019Turbino unten im Tal an der Strasse.<\/p><p>Eine Wanderung zur Alpe Parpinasca dauert ca. 3 \u2013 4 Stunden. In der H\u00fctte kann man Im Sommer (Juli\/August) \u00fcbernachten und essen. Mit dem B\u00e4hnchen lohnt sich ein Ausflug nach <a href=\"https:\/\/www.vigezzinacentovalli.com\/localita\/valle-vigezzo\/santa-maria-maggiore.html\" target=\"_blank\" rel=\"noopener\">St. Maria Maggiore<\/a>. Dort befindet sich das Kaminfeger Museum.<\/p><p>Wen es in die Stadt zieht f\u00e4hrt in die andere Richtung nach Domodossola. (grosser Markt am Samstag, viele Schweizer Touristen). Die Altstadt ist unter der Woche beschaulich und lohnt einen Rundgang. Die T\u00e4ler sind in der Regel mit dem Bus erreichbar. Mobiler ist man mit dem eigenen Auto. Damit sind auch Badeausfl\u00fcge zum Lago di Mergozzo m\u00f6glich, ab Trontano ca. 30 Minuten. Eine Reise nach Milano schafft man mit dem Zug in einem Tag.<\/p><p><u>weitere Vorschl\u00e4ge<\/u><\/p><ul><li><a href=\"http:\/\/www.piemont-trekking.de\" target=\"_blank\" rel=\"noopener\">Trekking Val Grande<\/a><\/li><li>Velotour von Nosate nach Mailand (Naviglio Grande, 2 Tage)<\/li><li>Besuch von Milano, Genua, Turin etc.<\/li><li>ausgeschilderte Bikerroute ins Val Vigezzo ab Trontano<\/li><li>modernes Thermalbad in Premia, ca. \u00bd Std. mit dem Auto, Dienstag geschlossen<\/li><li>Lago Maggiore Express: Ausflug Bahn\/Schiff<\/li><li>f\u00fcr Feinschmecker: viele gute Restaurants in Domodossola und Umgebung<\/li><li>Domodossola: Monte Calvario etc.<\/li><\/ul>\t\t\t\t\t\t\t\t<\/div>\n\t\t\t\t<\/div>\n\t\t\t\t\t<\/div>\n\t\t<\/div>\n\t\t\t\t\t<\/div>\n\t\t<\/section>\n\t\t\t\t<section class=\"elementor-section elementor-top-section elementor-element elementor-element-d382401 elementor-section-boxed elementor-section-height-default elementor-section-height-default\" data-id=\"d382401\" data-element_type=\"section\" data-e-type=\"section\">\n\t\t\t\t\t\t<div class=\"elementor-container elementor-column-gap-default\">\n\t\t\t\t\t<div class=\"elementor-column elementor-col-100 elementor-top-column elementor-element elementor-element-62b9372\" data-id=\"62b9372\" data-element_type=\"column\" data-e-type=\"column\">\n\t\t\t<div class=\"elementor-widget-wrap elementor-element-populated\">\n\t\t\t\t\t\t<div class=\"elementor-element elementor-element-8a38e59 elementor-hidden-desktop elementor-hidden-mobile elementor-widget elementor-widget-image\" data-id=\"8a38e59\" data-element_type=\"widget\" data-e-type=\"widget\" data-widget_type=\"image.default\">\n\t\t\t\t<div class=\"elementor-widget-container\">\n\t\t\t\t\t\t\t\t\t\t\t\t\t\t\t<img decoding=\"async\" width=\"600\" height=\"400\" src=\"https:\/\/vigna.ch\/wp-content\/uploads\/2023\/07\/DSC_0174-1024x683.jpg\" class=\"attachment-large size-large wp-image-855\" alt=\"\" srcset=\"https:\/\/vigna.ch\/wp-content\/uploads\/2023\/07\/DSC_0174-1024x683.jpg 1024w, https:\/\/vigna.ch\/wp-content\/uploads\/2023\/07\/DSC_0174-300x200.jpg 300w, https:\/\/vigna.ch\/wp-content\/uploads\/2023\/07\/DSC_0174-768x512.jpg 768w, https:\/\/vigna.ch\/wp-content\/uploads\/2023\/07\/DSC_0174-1536x1024.jpg 1536w, https:\/\/vigna.ch\/wp-content\/uploads\/2023\/07\/DSC_0174-2048x1365.jpg 2048w, https:\/\/vigna.ch\/wp-content\/uploads\/2023\/07\/DSC_0174-500x333.jpg 500w, https:\/\/vigna.ch\/wp-content\/uploads\/2023\/07\/DSC_0174-800x533.jpg 800w, https:\/\/vigna.ch\/wp-content\/uploads\/2023\/07\/DSC_0174-1280x853.jpg 1280w, https:\/\/vigna.ch\/wp-content\/uploads\/2023\/07\/DSC_0174-1920x1280.jpg 1920w, https:\/\/vigna.ch\/wp-content\/uploads\/2023\/07\/DSC_0174-1240x827.jpg 1240w, https:\/\/vigna.ch\/wp-content\/uploads\/2023\/07\/DSC_0174-508x339.jpg 508w\" sizes=\"(max-width: 600px) 100vw, 600px\" \/>\t\t\t\t\t\t\t\t\t\t\t\t\t\t\t<\/div>\n\t\t\t\t<\/div>\n\t\t\t\t\t<\/div>\n\t\t<\/div>\n\t\t\t\t\t<\/div>\n\t\t<\/section>\n\t\t\t\t<section class=\"elementor-section elementor-top-section elementor-element elementor-element-1230df5 elementor-section-boxed elementor-section-height-default elementor-section-height-default\" data-id=\"1230df5\" data-element_type=\"section\" data-e-type=\"section\">\n\t\t\t\t\t\t<div class=\"elementor-container elementor-column-gap-default\">\n\t\t\t\t\t<div class=\"elementor-column elementor-col-100 elementor-top-column elementor-element elementor-element-71842ab\" data-id=\"71842ab\" data-element_type=\"column\" data-e-type=\"column\">\n\t\t\t<div class=\"elementor-widget-wrap\">\n\t\t\t\t\t\t\t<\/div>\n\t\t<\/div>\n\t\t\t\t\t<\/div>\n\t\t<\/section>\n\t\t\t\t<section class=\"elementor-section elementor-top-section elementor-element elementor-element-fafd780 elementor-hidden-desktop elementor-hidden-mobile elementor-section-boxed elementor-section-height-default elementor-section-height-default\" data-id=\"fafd780\" data-element_type=\"section\" data-e-type=\"section\">\n\t\t\t\t\t\t<div class=\"elementor-container elementor-column-gap-default\">\n\t\t\t\t\t<div class=\"elementor-column elementor-col-100 elementor-top-column elementor-element elementor-element-fd439fc\" data-id=\"fd439fc\" data-element_type=\"column\" data-e-type=\"column\">\n\t\t\t<div class=\"elementor-widget-wrap elementor-element-populated\">\n\t\t\t\t\t\t<div class=\"elementor-element elementor-element-67f8a6d elementor-widget__width-initial custom-link-color elementor-widget-tablet__width-initial elementor-widget elementor-widget-text-editor\" data-id=\"67f8a6d\" data-element_type=\"widget\" data-e-type=\"widget\" data-widget_type=\"text-editor.default\">\n\t\t\t\t<div class=\"elementor-widget-container\">\n\t\t\t\t\t\t\t\t\t<h1>Ferien machen<\/h1><p>Wer in den Ferien vor allem die Ruhe sucht ist in der Casa Cocco am richtigen Ort. Direkt vom Haus aus kann man sch\u00f6ne Spazierg\u00e4nge machen hin\u00fcber zum Dorfteil Castello, zum Bach Graglia mit den renovierten alten M\u00fchlen und dem Badeplatz usw. Eine kurze Wanderung f\u00fchrt nach Verigo und dem ausgestorbenen Dorf Marone oder noch etwas weiter, zum alten Restaurant Ca\u2019Turbino unten im Tal an der Strasse. Eine Wanderung zur Alpe Parpinasca dauert ca. 3 \u2013 4 Stunden. In der H\u00fctte kann man Im Sommer (Juli\/August) \u00fcbernachten und essen. Mit dem B\u00e4hnchen lohnt sich ein Ausflug nach <a href=\"https:\/\/www.vigezzinacentovalli.com\/localita\/valle-vigezzo\/santa-maria-maggiore.html\" target=\"_blank\" rel=\"noopener\">St. Maria Maggiore<\/a>. Dort befindet sich das Kaminfeger Museum.<\/p><p>Wen es in die Stadt zieht f\u00e4hrt in die andere Richtung nach Domodossola. (grosser Markt am Samstag, viele Schweizer Touristen). Die Altstadt ist unter der Woche beschaulich und lohnt einen Rundgang. Die T\u00e4ler sind in der Regel mit dem Bus erreichbar. Mobiler ist man mit dem eigenen Auto. Damit sind auch Badeausfl\u00fcge zum Lago di Mergozzo m\u00f6glich, ab Trontano ca. 30 Minuten. Eine Reise nach Milano schafft man dem Zug in einem Tag.<\/p><p><u>weitere Vorschl\u00e4ge<\/u><\/p><ul><li><a href=\"http:\/\/www.piemont-trekking.de\" target=\"_blank\" rel=\"noopener\">Trekking Val Grande<\/a><\/li><li>Velotour von Nosate nach Mailand (Naviglio Grande, 2 Tage)<\/li><li>Besuch von Milano, Genua, Turin etc.<\/li><li>ausgeschilderte Bikerroute ins Val Vigezzo ab Trontano<\/li><li>modernes Thermalbad in Premia, ca. \u00bd Std. mit dem Auto, Dienstag geschlossen<\/li><li>Lago Maggiore Express: Ausflug Bahn\/Schiff<\/li><li>f\u00fcr Feinschmecker: viele gute Restaurants in Domodossola und Umgebung<\/li><li>Domodossola: Monte Calvario etc.<\/li><\/ul>\t\t\t\t\t\t\t\t<\/div>\n\t\t\t\t<\/div>\n\t\t\t\t<div class=\"elementor-element elementor-element-550d91d elementor-hidden-desktop elementor-hidden-mobile elementor-widget elementor-widget-image\" data-id=\"550d91d\" data-element_type=\"widget\" data-e-type=\"widget\" data-widget_type=\"image.default\">\n\t\t\t\t<div class=\"elementor-widget-container\">\n\t\t\t\t\t\t\t\t\t\t\t\t\t\t\t<img decoding=\"async\" width=\"600\" height=\"400\" src=\"https:\/\/vigna.ch\/wp-content\/uploads\/2023\/07\/NIK_0713-1024x683.jpeg\" class=\"attachment-large size-large wp-image-856\" alt=\"\" srcset=\"https:\/\/vigna.ch\/wp-content\/uploads\/2023\/07\/NIK_0713-1024x683.jpeg 1024w, https:\/\/vigna.ch\/wp-content\/uploads\/2023\/07\/NIK_0713-300x200.jpeg 300w, https:\/\/vigna.ch\/wp-content\/uploads\/2023\/07\/NIK_0713-768x512.jpeg 768w, https:\/\/vigna.ch\/wp-content\/uploads\/2023\/07\/NIK_0713-1536x1024.jpeg 1536w, https:\/\/vigna.ch\/wp-content\/uploads\/2023\/07\/NIK_0713-2048x1365.jpeg 2048w, https:\/\/vigna.ch\/wp-content\/uploads\/2023\/07\/NIK_0713-500x333.jpeg 500w, https:\/\/vigna.ch\/wp-content\/uploads\/2023\/07\/NIK_0713-800x533.jpeg 800w, https:\/\/vigna.ch\/wp-content\/uploads\/2023\/07\/NIK_0713-1280x853.jpeg 1280w, https:\/\/vigna.ch\/wp-content\/uploads\/2023\/07\/NIK_0713-1920x1280.jpeg 1920w, https:\/\/vigna.ch\/wp-content\/uploads\/2023\/07\/NIK_0713-1240x827.jpeg 1240w, https:\/\/vigna.ch\/wp-content\/uploads\/2023\/07\/NIK_0713-508x339.jpeg 508w\" sizes=\"(max-width: 600px) 100vw, 600px\" \/>\t\t\t\t\t\t\t\t\t\t\t\t\t\t\t<\/div>\n\t\t\t\t<\/div>\n\t\t\t\t\t<\/div>\n\t\t<\/div>\n\t\t\t\t\t<\/div>\n\t\t<\/section>\n\t\t\t\t<section class=\"elementor-section elementor-top-section elementor-element elementor-element-0c34e0a elementor-hidden-desktop elementor-hidden-tablet elementor-section-boxed elementor-section-height-default elementor-section-height-default\" data-id=\"0c34e0a\" data-element_type=\"section\" data-e-type=\"section\">\n\t\t\t\t\t\t<div class=\"elementor-container elementor-column-gap-default\">\n\t\t\t\t\t<div class=\"elementor-column elementor-col-50 elementor-top-column elementor-element elementor-element-99d286e\" data-id=\"99d286e\" data-element_type=\"column\" data-e-type=\"column\">\n\t\t\t<div class=\"elementor-widget-wrap elementor-element-populated\">\n\t\t\t\t\t\t<div class=\"elementor-element elementor-element-f2f389f elementor-widget elementor-widget-image\" data-id=\"f2f389f\" data-element_type=\"widget\" data-e-type=\"widget\" data-widget_type=\"image.default\">\n\t\t\t\t<div class=\"elementor-widget-container\">\n\t\t\t\t\t\t\t\t\t\t\t\t\t\t\t<img decoding=\"async\" width=\"600\" height=\"400\" src=\"https:\/\/vigna.ch\/wp-content\/uploads\/2023\/07\/DSC_0174-1024x683.jpg\" class=\"attachment-large size-large wp-image-855\" alt=\"\" srcset=\"https:\/\/vigna.ch\/wp-content\/uploads\/2023\/07\/DSC_0174-1024x683.jpg 1024w, https:\/\/vigna.ch\/wp-content\/uploads\/2023\/07\/DSC_0174-300x200.jpg 300w, https:\/\/vigna.ch\/wp-content\/uploads\/2023\/07\/DSC_0174-768x512.jpg 768w, https:\/\/vigna.ch\/wp-content\/uploads\/2023\/07\/DSC_0174-1536x1024.jpg 1536w, https:\/\/vigna.ch\/wp-content\/uploads\/2023\/07\/DSC_0174-2048x1365.jpg 2048w, https:\/\/vigna.ch\/wp-content\/uploads\/2023\/07\/DSC_0174-500x333.jpg 500w, https:\/\/vigna.ch\/wp-content\/uploads\/2023\/07\/DSC_0174-800x533.jpg 800w, https:\/\/vigna.ch\/wp-content\/uploads\/2023\/07\/DSC_0174-1280x853.jpg 1280w, https:\/\/vigna.ch\/wp-content\/uploads\/2023\/07\/DSC_0174-1920x1280.jpg 1920w, https:\/\/vigna.ch\/wp-content\/uploads\/2023\/07\/DSC_0174-1240x827.jpg 1240w, https:\/\/vigna.ch\/wp-content\/uploads\/2023\/07\/DSC_0174-508x339.jpg 508w\" sizes=\"(max-width: 600px) 100vw, 600px\" \/>\t\t\t\t\t\t\t\t\t\t\t\t\t\t\t<\/div>\n\t\t\t\t<\/div>\n\t\t\t\t\t<\/div>\n\t\t<\/div>\n\t\t\t\t<div class=\"elementor-column elementor-col-50 elementor-top-column elementor-element elementor-element-778b110\" data-id=\"778b110\" data-element_type=\"column\" data-e-type=\"column\">\n\t\t\t<div class=\"elementor-widget-wrap elementor-element-populated\">\n\t\t\t\t\t\t<div class=\"elementor-element elementor-element-d2e247c elementor-widget__width-initial custom-link-color elementor-widget elementor-widget-text-editor\" data-id=\"d2e247c\" data-element_type=\"widget\" data-e-type=\"widget\" data-widget_type=\"text-editor.default\">\n\t\t\t\t<div class=\"elementor-widget-container\">\n\t\t\t\t\t\t\t\t\t<h1>Ferien machen<\/h1><p>Wer in den Ferien vor allem die Ruhe sucht ist in der Casa Cocco am richtigen Ort. Direkt vom Haus aus kann man sch\u00f6ne Spazierg\u00e4nge machen hin\u00fcber zum Dorfteil Castello, zum Bach Graglia mit den renovierten alten M\u00fchlen und dem Badeplatz usw. Eine kurze Wanderung f\u00fchrt nach Verigo und dem ausgestorbenen Dorf Marone oder noch etwas weiter, zum alten Restaurant Ca\u2019Turbino unten im Tal an der Strasse. Eine Wanderung zur Alpe Parpinasca dauert ca. 3 \u2013 4 Stunden. In der H\u00fctte kann man Im Sommer (Juli\/August) \u00fcbernachten und essen. Mit dem B\u00e4hnchen lohnt sich ein Ausflug nach <a href=\"https:\/\/www.vigezzinacentovalli.com\/localita\/valle-vigezzo\/santa-maria-maggiore.html\" target=\"_blank\" rel=\"noopener\">St. Maria Maggiore<\/a>. Dort befindet sich das Kaminfeger Museum.<\/p><p>Wen es in die Stadt zieht f\u00e4hrt in die andere Richtung nach Domodossola. (grosser Markt am Samstag, viele Schweizer Touristen). Die Altstadt ist unter der Woche beschaulich und lohnt einen Rundgang. Die T\u00e4ler sind in der Regel mit dem Bus erreichbar. Mobiler ist man mit dem eigenen Auto. Damit sind auch Badeausfl\u00fcge zum Lago di Mergozzo m\u00f6glich, ab Trontano ca. 30 Minuten. Eine Reise nach Milano schafft man dem Zug in einem Tag.<\/p>\t\t\t\t\t\t\t\t<\/div>\n\t\t\t\t<\/div>\n\t\t\t\t<div class=\"elementor-element elementor-element-fd78a3a elementor-widget elementor-widget-image\" data-id=\"fd78a3a\" data-element_type=\"widget\" data-e-type=\"widget\" data-widget_type=\"image.default\">\n\t\t\t\t<div class=\"elementor-widget-container\">\n\t\t\t\t\t\t\t\t\t\t\t\t\t\t\t<img decoding=\"async\" width=\"600\" height=\"400\" src=\"https:\/\/vigna.ch\/wp-content\/uploads\/2023\/07\/NIK_0713-1024x683.jpeg\" class=\"attachment-large size-large wp-image-856\" alt=\"\" srcset=\"https:\/\/vigna.ch\/wp-content\/uploads\/2023\/07\/NIK_0713-1024x683.jpeg 1024w, https:\/\/vigna.ch\/wp-content\/uploads\/2023\/07\/NIK_0713-300x200.jpeg 300w, https:\/\/vigna.ch\/wp-content\/uploads\/2023\/07\/NIK_0713-768x512.jpeg 768w, https:\/\/vigna.ch\/wp-content\/uploads\/2023\/07\/NIK_0713-1536x1024.jpeg 1536w, https:\/\/vigna.ch\/wp-content\/uploads\/2023\/07\/NIK_0713-2048x1365.jpeg 2048w, https:\/\/vigna.ch\/wp-content\/uploads\/2023\/07\/NIK_0713-500x333.jpeg 500w, https:\/\/vigna.ch\/wp-content\/uploads\/2023\/07\/NIK_0713-800x533.jpeg 800w, https:\/\/vigna.ch\/wp-content\/uploads\/2023\/07\/NIK_0713-1280x853.jpeg 1280w, https:\/\/vigna.ch\/wp-content\/uploads\/2023\/07\/NIK_0713-1920x1280.jpeg 1920w, https:\/\/vigna.ch\/wp-content\/uploads\/2023\/07\/NIK_0713-1240x827.jpeg 1240w, https:\/\/vigna.ch\/wp-content\/uploads\/2023\/07\/NIK_0713-508x339.jpeg 508w\" sizes=\"(max-width: 600px) 100vw, 600px\" \/>\t\t\t\t\t\t\t\t\t\t\t\t\t\t\t<\/div>\n\t\t\t\t<\/div>\n\t\t\t\t<div class=\"elementor-element elementor-element-9a7d637 elementor-widget__width-initial custom-link-color elementor-widget elementor-widget-text-editor\" data-id=\"9a7d637\" data-element_type=\"widget\" data-e-type=\"widget\" data-widget_type=\"text-editor.default\">\n\t\t\t\t<div class=\"elementor-widget-container\">\n\t\t\t\t\t\t\t\t\t<p><u>weitere Vorschl\u00e4ge<\/u><\/p><ul><li><a href=\"http:\/\/www.piemont-trekking.de\" target=\"_blank\" rel=\"noopener\">Trekking Val Grande<\/a><\/li><li>Velotour von Nosate nach Mailand (Naviglio Grande, 2 Tage)<\/li><li>Besuch von Milano, Genua, Turin etc.<\/li><li>ausgeschilderte Bikerroute ins Val Vigezzo ab Trontano<\/li><li>modernes Thermalbad in Premia, ca. \u00bd Std. mit dem Auto, Dienstag geschlossen<\/li><li>Lago Maggiore Express: Ausflug Bahn\/Schiff<\/li><li>f\u00fcr Feinschmecker: viele gute Restaurants in Domodossola und Umgebung<\/li><li>Domodossola: Monte Calvario etc.<\/li><\/ul>\t\t\t\t\t\t\t\t<\/div>\n\t\t\t\t<\/div>\n\t\t\t\t<div class=\"elementor-element elementor-element-f1dd9ed elementor-widget elementor-widget-image\" data-id=\"f1dd9ed\" data-element_type=\"widget\" data-e-type=\"widget\" data-widget_type=\"image.default\">\n\t\t\t\t<div class=\"elementor-widget-container\">\n\t\t\t\t\t\t\t\t\t\t\t\t\t\t\t<img fetchpriority=\"high\" decoding=\"async\" width=\"600\" height=\"450\" src=\"https:\/\/vigna.ch\/wp-content\/uploads\/2023\/07\/DSC03405-1024x768.jpeg\" class=\"attachment-large size-large wp-image-849\" alt=\"\" srcset=\"https:\/\/vigna.ch\/wp-content\/uploads\/2023\/07\/DSC03405-1024x768.jpeg 1024w, https:\/\/vigna.ch\/wp-content\/uploads\/2023\/07\/DSC03405-300x225.jpeg 300w, https:\/\/vigna.ch\/wp-content\/uploads\/2023\/07\/DSC03405-768x576.jpeg 768w, https:\/\/vigna.ch\/wp-content\/uploads\/2023\/07\/DSC03405-1536x1152.jpeg 1536w, https:\/\/vigna.ch\/wp-content\/uploads\/2023\/07\/DSC03405-2048x1536.jpeg 2048w, https:\/\/vigna.ch\/wp-content\/uploads\/2023\/07\/DSC03405-500x375.jpeg 500w, https:\/\/vigna.ch\/wp-content\/uploads\/2023\/07\/DSC03405-800x600.jpeg 800w, https:\/\/vigna.ch\/wp-content\/uploads\/2023\/07\/DSC03405-1280x960.jpeg 1280w, https:\/\/vigna.ch\/wp-content\/uploads\/2023\/07\/DSC03405-1920x1440.jpeg 1920w, https:\/\/vigna.ch\/wp-content\/uploads\/2023\/07\/DSC03405-1240x930.jpeg 1240w, https:\/\/vigna.ch\/wp-content\/uploads\/2023\/07\/DSC03405-508x381.jpeg 508w\" sizes=\"(max-width: 600px) 100vw, 600px\" \/>\t\t\t\t\t\t\t\t\t\t\t\t\t\t\t<\/div>\n\t\t\t\t<\/div>\n\t\t\t\t\t<\/div>\n\t\t<\/div>\n\t\t\t\t\t<\/div>\n\t\t<\/section>\n\t\t\t\t<\/div>\n\t\t","protected":false},"excerpt":{"rendered":"<p>Ferien machen Wer in den Ferien vor allem die Ruhe sucht ist in der Casa Cocco am richtigen Ort. Direkt vom Haus aus kann man sch\u00f6ne Spazierg\u00e4nge machen hin\u00fcber zum Dorfteil Castello, zum Bach Graglia mit den renovierten alten M\u00fchlen und dem Badeplatz usw. Eine kurze Wanderung f\u00fchrt nach Verigo und dem ausgestorbenen Dorf Marone [&hellip;]<\/p>\n","protected":false},"author":1,"featured_media":0,"parent":0,"menu_order":0,"comment_status":"closed","ping_status":"closed","template":"elementor_header_footer","meta":{"_mc_calendar":[],"_vp_format_video_url":"","_vp_image_focal_point":[],"footnotes":""},"class_list":["post-29","page","type-page","status-publish","hentry"],"_links":{"self":[{"href":"https:\/\/vigna.ch\/index.php?rest_route=\/wp\/v2\/pages\/29","targetHints":{"allow":["GET"]}}],"collection":[{"href":"https:\/\/vigna.ch\/index.php?rest_route=\/wp\/v2\/pages"}],"about":[{"href":"https:\/\/vigna.ch\/index.php?rest_route=\/wp\/v2\/types\/page"}],"author":[{"embeddable":true,"href":"https:\/\/vigna.ch\/index.php?rest_route=\/wp\/v2\/users\/1"}],"replies":[{"embeddable":true,"href":"https:\/\/vigna.ch\/index.php?rest_route=%2Fwp%2Fv2%2Fcomments&post=29"}],"version-history":[{"count":59,"href":"https:\/\/vigna.ch\/index.php?rest_route=\/wp\/v2\/pages\/29\/revisions"}],"predecessor-version":[{"id":1017,"href":"https:\/\/vigna.ch\/index.php?rest_route=\/wp\/v2\/pages\/29\/revisions\/1017"}],"wp:attachment":[{"href":"https:\/\/vigna.ch\/index.php?rest_route=%2Fwp%2Fv2%2Fmedia&parent=29"}],"curies":[{"name":"wp","href":"https:\/\/api.w.org\/{rel}","templated":true}]}}