{"id":23,"date":"2023-07-03T17:00:39","date_gmt":"2023-07-03T17:00:39","guid":{"rendered":"http:\/\/vigna.ch\/?page_id=23"},"modified":"2023-07-30T06:17:24","modified_gmt":"2023-07-30T06:17:24","slug":"im-freien","status":"publish","type":"page","link":"https:\/\/vigna.ch\/?page_id=23","title":{"rendered":"Im Freien"},"content":{"rendered":"\t\t<div data-elementor-type=\"wp-page\" data-elementor-id=\"23\" class=\"elementor elementor-23\">\n\t\t\t\t\t\t<section class=\"elementor-section elementor-top-section elementor-element elementor-element-274c210 elementor-hidden-desktop elementor-hidden-mobile elementor-section-boxed elementor-section-height-default elementor-section-height-default\" data-id=\"274c210\" data-element_type=\"section\" data-e-type=\"section\">\n\t\t\t\t\t\t<div class=\"elementor-container elementor-column-gap-default\">\n\t\t\t\t\t<div class=\"elementor-column elementor-col-50 elementor-top-column elementor-element elementor-element-ab8ab27\" data-id=\"ab8ab27\" data-element_type=\"column\" data-e-type=\"column\">\n\t\t\t<div class=\"elementor-widget-wrap elementor-element-populated\">\n\t\t\t\t\t\t<div class=\"elementor-element elementor-element-fa80b05 elementor-widget elementor-widget-image\" data-id=\"fa80b05\" data-element_type=\"widget\" data-e-type=\"widget\" data-widget_type=\"image.default\">\n\t\t\t\t<div class=\"elementor-widget-container\">\n\t\t\t\t\t\t\t\t\t\t\t\t\t\t\t<img fetchpriority=\"high\" decoding=\"async\" width=\"600\" height=\"400\" src=\"https:\/\/vigna.ch\/wp-content\/uploads\/2023\/07\/NIK_0128-2-1024x683.jpeg\" class=\"attachment-large size-large wp-image-794\" alt=\"\" srcset=\"https:\/\/vigna.ch\/wp-content\/uploads\/2023\/07\/NIK_0128-2-1024x683.jpeg 1024w, https:\/\/vigna.ch\/wp-content\/uploads\/2023\/07\/NIK_0128-2-300x200.jpeg 300w, https:\/\/vigna.ch\/wp-content\/uploads\/2023\/07\/NIK_0128-2-768x512.jpeg 768w, https:\/\/vigna.ch\/wp-content\/uploads\/2023\/07\/NIK_0128-2-1536x1024.jpeg 1536w, https:\/\/vigna.ch\/wp-content\/uploads\/2023\/07\/NIK_0128-2-2048x1365.jpeg 2048w, https:\/\/vigna.ch\/wp-content\/uploads\/2023\/07\/NIK_0128-2-500x333.jpeg 500w, https:\/\/vigna.ch\/wp-content\/uploads\/2023\/07\/NIK_0128-2-800x533.jpeg 800w, https:\/\/vigna.ch\/wp-content\/uploads\/2023\/07\/NIK_0128-2-1280x853.jpeg 1280w, https:\/\/vigna.ch\/wp-content\/uploads\/2023\/07\/NIK_0128-2-1920x1280.jpeg 1920w, https:\/\/vigna.ch\/wp-content\/uploads\/2023\/07\/NIK_0128-2-1240x827.jpeg 1240w, https:\/\/vigna.ch\/wp-content\/uploads\/2023\/07\/NIK_0128-2-508x339.jpeg 508w\" sizes=\"(max-width: 600px) 100vw, 600px\" \/>\t\t\t\t\t\t\t\t\t\t\t\t\t\t\t<\/div>\n\t\t\t\t<\/div>\n\t\t\t\t\t<\/div>\n\t\t<\/div>\n\t\t\t\t<div class=\"elementor-column elementor-col-50 elementor-top-column elementor-element elementor-element-1704131\" data-id=\"1704131\" data-element_type=\"column\" data-e-type=\"column\">\n\t\t\t<div class=\"elementor-widget-wrap elementor-element-populated\">\n\t\t\t\t\t\t<div class=\"elementor-element elementor-element-3e33413 elementor-widget elementor-widget-image\" data-id=\"3e33413\" data-element_type=\"widget\" data-e-type=\"widget\" data-widget_type=\"image.default\">\n\t\t\t\t<div class=\"elementor-widget-container\">\n\t\t\t\t\t\t\t\t\t\t\t\t\t\t\t<img decoding=\"async\" width=\"600\" height=\"400\" src=\"https:\/\/vigna.ch\/wp-content\/uploads\/2023\/07\/DSC06659-1024x683.jpeg\" class=\"attachment-large size-large wp-image-530\" alt=\"\" srcset=\"https:\/\/vigna.ch\/wp-content\/uploads\/2023\/07\/DSC06659-1024x683.jpeg 1024w, https:\/\/vigna.ch\/wp-content\/uploads\/2023\/07\/DSC06659-300x200.jpeg 300w, https:\/\/vigna.ch\/wp-content\/uploads\/2023\/07\/DSC06659-768x512.jpeg 768w, https:\/\/vigna.ch\/wp-content\/uploads\/2023\/07\/DSC06659-1536x1024.jpeg 1536w, https:\/\/vigna.ch\/wp-content\/uploads\/2023\/07\/DSC06659-2048x1365.jpeg 2048w, https:\/\/vigna.ch\/wp-content\/uploads\/2023\/07\/DSC06659-500x333.jpeg 500w, https:\/\/vigna.ch\/wp-content\/uploads\/2023\/07\/DSC06659-800x533.jpeg 800w, https:\/\/vigna.ch\/wp-content\/uploads\/2023\/07\/DSC06659-1280x853.jpeg 1280w, https:\/\/vigna.ch\/wp-content\/uploads\/2023\/07\/DSC06659-1920x1280.jpeg 1920w, https:\/\/vigna.ch\/wp-content\/uploads\/2023\/07\/DSC06659-1240x827.jpeg 1240w, https:\/\/vigna.ch\/wp-content\/uploads\/2023\/07\/DSC06659-508x339.jpeg 508w\" sizes=\"(max-width: 600px) 100vw, 600px\" \/>\t\t\t\t\t\t\t\t\t\t\t\t\t\t\t<\/div>\n\t\t\t\t<\/div>\n\t\t\t\t\t<\/div>\n\t\t<\/div>\n\t\t\t\t\t<\/div>\n\t\t<\/section>\n\t\t\t\t<section class=\"elementor-section elementor-top-section elementor-element elementor-element-c473db3 elementor-hidden-desktop elementor-hidden-mobile elementor-section-boxed elementor-section-height-default elementor-section-height-default\" data-id=\"c473db3\" data-element_type=\"section\" data-e-type=\"section\">\n\t\t\t\t\t\t<div class=\"elementor-container elementor-column-gap-default\">\n\t\t\t\t\t<div class=\"elementor-column elementor-col-100 elementor-top-column elementor-element elementor-element-8077955\" data-id=\"8077955\" data-element_type=\"column\" data-e-type=\"column\">\n\t\t\t<div class=\"elementor-widget-wrap elementor-element-populated\">\n\t\t\t\t\t\t<div class=\"elementor-element elementor-element-f76f268 elementor-widget elementor-widget-text-editor\" data-id=\"f76f268\" data-element_type=\"widget\" data-e-type=\"widget\" data-widget_type=\"text-editor.default\">\n\t\t\t\t<div class=\"elementor-widget-container\">\n\t\t\t\t\t\t\t\t\t<h1>Im Freien<\/h1><p>Am Vormittag ist es auf der Terrasse Richtung Westen noch sch\u00f6n schattig. Vom April bis Oktober erreicht die Sonne jedoch den Sitzplatz beim Garten ab ca. 10.00 Uhr. Dort, beim Gartenhaus und der Feuerstelle, steht ein Gartentisch mit 4 St\u00fchlen. In der H\u00e4ngematte unter den Reben l\u00e4sst es sich wunderbar ausruhen. Die Kinder benutzen gerne den kleinen Sandhaufen, der sich ebenfalls im Schatten der Trauben befindet. Wenn es zu heiss wird, stellt man sich rasch unter die Gartendusche.<\/p><p>Nach einem 10-min\u00fctigen Spaziergang erreicht man den Badeplatz am Bach Graglia. Ein Bad darin k\u00fchlt garantiert. Der schattige Platz auf der Ostseite des Hauses ist im Sommer vor allem am Abend sehr angenehm. Tisch und St\u00fchle sind vorhanden, und in der alten Eichenfassh\u00e4lfte gedeihen selbst am Schatten Lavendel, Minze und eine wilde Rebe.<\/p>\t\t\t\t\t\t\t\t<\/div>\n\t\t\t\t<\/div>\n\t\t\t\t\t<\/div>\n\t\t<\/div>\n\t\t\t\t\t<\/div>\n\t\t<\/section>\n\t\t\t\t<section class=\"elementor-section elementor-top-section elementor-element elementor-element-b30a1fb elementor-hidden-tablet elementor-section-boxed elementor-section-height-default elementor-section-height-default\" data-id=\"b30a1fb\" data-element_type=\"section\" data-e-type=\"section\">\n\t\t\t\t\t\t<div class=\"elementor-container elementor-column-gap-default\">\n\t\t\t\t\t<div class=\"elementor-column elementor-col-50 elementor-top-column elementor-element elementor-element-4115b95\" data-id=\"4115b95\" data-element_type=\"column\" data-e-type=\"column\">\n\t\t\t<div class=\"elementor-widget-wrap elementor-element-populated\">\n\t\t\t\t\t\t<div class=\"elementor-element elementor-element-d437573 elementor-widget elementor-widget-image\" data-id=\"d437573\" data-element_type=\"widget\" data-e-type=\"widget\" data-widget_type=\"image.default\">\n\t\t\t\t<div class=\"elementor-widget-container\">\n\t\t\t\t\t\t\t\t\t\t\t\t\t\t\t<img fetchpriority=\"high\" decoding=\"async\" width=\"600\" height=\"400\" src=\"https:\/\/vigna.ch\/wp-content\/uploads\/2023\/07\/NIK_0128-2-1024x683.jpeg\" class=\"attachment-large size-large wp-image-794\" alt=\"\" srcset=\"https:\/\/vigna.ch\/wp-content\/uploads\/2023\/07\/NIK_0128-2-1024x683.jpeg 1024w, https:\/\/vigna.ch\/wp-content\/uploads\/2023\/07\/NIK_0128-2-300x200.jpeg 300w, https:\/\/vigna.ch\/wp-content\/uploads\/2023\/07\/NIK_0128-2-768x512.jpeg 768w, https:\/\/vigna.ch\/wp-content\/uploads\/2023\/07\/NIK_0128-2-1536x1024.jpeg 1536w, https:\/\/vigna.ch\/wp-content\/uploads\/2023\/07\/NIK_0128-2-2048x1365.jpeg 2048w, https:\/\/vigna.ch\/wp-content\/uploads\/2023\/07\/NIK_0128-2-500x333.jpeg 500w, https:\/\/vigna.ch\/wp-content\/uploads\/2023\/07\/NIK_0128-2-800x533.jpeg 800w, https:\/\/vigna.ch\/wp-content\/uploads\/2023\/07\/NIK_0128-2-1280x853.jpeg 1280w, https:\/\/vigna.ch\/wp-content\/uploads\/2023\/07\/NIK_0128-2-1920x1280.jpeg 1920w, https:\/\/vigna.ch\/wp-content\/uploads\/2023\/07\/NIK_0128-2-1240x827.jpeg 1240w, https:\/\/vigna.ch\/wp-content\/uploads\/2023\/07\/NIK_0128-2-508x339.jpeg 508w\" sizes=\"(max-width: 600px) 100vw, 600px\" \/>\t\t\t\t\t\t\t\t\t\t\t\t\t\t\t<\/div>\n\t\t\t\t<\/div>\n\t\t\t\t<div class=\"elementor-element elementor-element-ba418d3 elementor-widget__width-initial elementor-widget elementor-widget-image\" data-id=\"ba418d3\" data-element_type=\"widget\" data-e-type=\"widget\" data-widget_type=\"image.default\">\n\t\t\t\t<div class=\"elementor-widget-container\">\n\t\t\t\t\t\t\t\t\t\t\t\t\t\t\t<img decoding=\"async\" width=\"600\" height=\"400\" src=\"https:\/\/vigna.ch\/wp-content\/uploads\/2023\/07\/DSC06659-1024x683.jpeg\" class=\"attachment-large size-large wp-image-530\" alt=\"\" srcset=\"https:\/\/vigna.ch\/wp-content\/uploads\/2023\/07\/DSC06659-1024x683.jpeg 1024w, https:\/\/vigna.ch\/wp-content\/uploads\/2023\/07\/DSC06659-300x200.jpeg 300w, https:\/\/vigna.ch\/wp-content\/uploads\/2023\/07\/DSC06659-768x512.jpeg 768w, https:\/\/vigna.ch\/wp-content\/uploads\/2023\/07\/DSC06659-1536x1024.jpeg 1536w, https:\/\/vigna.ch\/wp-content\/uploads\/2023\/07\/DSC06659-2048x1365.jpeg 2048w, https:\/\/vigna.ch\/wp-content\/uploads\/2023\/07\/DSC06659-500x333.jpeg 500w, https:\/\/vigna.ch\/wp-content\/uploads\/2023\/07\/DSC06659-800x533.jpeg 800w, https:\/\/vigna.ch\/wp-content\/uploads\/2023\/07\/DSC06659-1280x853.jpeg 1280w, https:\/\/vigna.ch\/wp-content\/uploads\/2023\/07\/DSC06659-1920x1280.jpeg 1920w, https:\/\/vigna.ch\/wp-content\/uploads\/2023\/07\/DSC06659-1240x827.jpeg 1240w, https:\/\/vigna.ch\/wp-content\/uploads\/2023\/07\/DSC06659-508x339.jpeg 508w\" sizes=\"(max-width: 600px) 100vw, 600px\" \/>\t\t\t\t\t\t\t\t\t\t\t\t\t\t\t<\/div>\n\t\t\t\t<\/div>\n\t\t\t\t<div class=\"elementor-element elementor-element-5428662 elementor-widget elementor-widget-spacer\" data-id=\"5428662\" data-element_type=\"widget\" data-e-type=\"widget\" data-widget_type=\"spacer.default\">\n\t\t\t\t<div class=\"elementor-widget-container\">\n\t\t\t\t\t\t\t<div class=\"elementor-spacer\">\n\t\t\t<div class=\"elementor-spacer-inner\"><\/div>\n\t\t<\/div>\n\t\t\t\t\t\t<\/div>\n\t\t\t\t<\/div>\n\t\t\t\t<div class=\"elementor-element elementor-element-df4349b elementor-hidden-mobile elementor-widget elementor-widget-image\" data-id=\"df4349b\" data-element_type=\"widget\" data-e-type=\"widget\" data-widget_type=\"image.default\">\n\t\t\t\t<div class=\"elementor-widget-container\">\n\t\t\t\t\t\t\t\t\t\t\t\t\t\t\t<img decoding=\"async\" width=\"600\" height=\"400\" src=\"https:\/\/vigna.ch\/wp-content\/uploads\/2023\/07\/NIK_0432-1024x683.jpeg\" class=\"attachment-large size-large wp-image-851\" alt=\"\" srcset=\"https:\/\/vigna.ch\/wp-content\/uploads\/2023\/07\/NIK_0432-1024x683.jpeg 1024w, https:\/\/vigna.ch\/wp-content\/uploads\/2023\/07\/NIK_0432-300x200.jpeg 300w, https:\/\/vigna.ch\/wp-content\/uploads\/2023\/07\/NIK_0432-768x512.jpeg 768w, https:\/\/vigna.ch\/wp-content\/uploads\/2023\/07\/NIK_0432-1536x1024.jpeg 1536w, https:\/\/vigna.ch\/wp-content\/uploads\/2023\/07\/NIK_0432-2048x1365.jpeg 2048w, https:\/\/vigna.ch\/wp-content\/uploads\/2023\/07\/NIK_0432-500x333.jpeg 500w, https:\/\/vigna.ch\/wp-content\/uploads\/2023\/07\/NIK_0432-800x533.jpeg 800w, https:\/\/vigna.ch\/wp-content\/uploads\/2023\/07\/NIK_0432-1280x853.jpeg 1280w, https:\/\/vigna.ch\/wp-content\/uploads\/2023\/07\/NIK_0432-1920x1280.jpeg 1920w, https:\/\/vigna.ch\/wp-content\/uploads\/2023\/07\/NIK_0432-1240x827.jpeg 1240w, https:\/\/vigna.ch\/wp-content\/uploads\/2023\/07\/NIK_0432-508x339.jpeg 508w\" sizes=\"(max-width: 600px) 100vw, 600px\" \/>\t\t\t\t\t\t\t\t\t\t\t\t\t\t\t<\/div>\n\t\t\t\t<\/div>\n\t\t\t\t\t<\/div>\n\t\t<\/div>\n\t\t\t\t<div class=\"elementor-column elementor-col-50 elementor-top-column elementor-element elementor-element-a621952\" data-id=\"a621952\" data-element_type=\"column\" data-e-type=\"column\">\n\t\t\t<div class=\"elementor-widget-wrap elementor-element-populated\">\n\t\t\t\t\t\t<div class=\"elementor-element elementor-element-f66cbbd elementor-hidden-tablet elementor-widget elementor-widget-text-editor\" data-id=\"f66cbbd\" data-element_type=\"widget\" data-e-type=\"widget\" data-widget_type=\"text-editor.default\">\n\t\t\t\t<div class=\"elementor-widget-container\">\n\t\t\t\t\t\t\t\t\t<h1>Im Freien<\/h1><p>Am Vormittag ist es auf der Terrasse Richtung Westen noch sch\u00f6n schattig. Vom April bis Oktober erreicht die Sonne jedoch den Sitzplatz beim Garten ab ca. 10.00 Uhr. Dort, beim Gartenhaus und der Feuerstelle, steht ein Gartentisch mit 4 St\u00fchlen. In der H\u00e4ngematte unter den Reben l\u00e4sst es sich wunderbar ausruhen. Die Kinder benutzen gerne den kleinen Sandhaufen, der sich ebenfalls im Schatten der Trauben befindet. Wenn es zu heiss wird, stellt man sich rasch unter die Gartendusche.<\/p><p>Nach einem 10-min\u00fctigen Spaziergang erreicht man den Badeplatz am Bach Graglia. Ein Bad darin k\u00fchlt garantiert. Der schattige Platz auf der Ostseite des Hauses ist im Sommer vor allem am Abend sehr angenehm. Tisch und St\u00fchle sind vorhanden, und in der alten Eichenfassh\u00e4lfte gedeihen selbst am Schatten Lavendel, Minze und eine wilde Rebe.<\/p>\t\t\t\t\t\t\t\t<\/div>\n\t\t\t\t<\/div>\n\t\t\t\t<div class=\"elementor-element elementor-element-8b7d23a elementor-widget__width-initial elementor-widget elementor-widget-image\" data-id=\"8b7d23a\" data-element_type=\"widget\" data-e-type=\"widget\" data-widget_type=\"image.default\">\n\t\t\t\t<div class=\"elementor-widget-container\">\n\t\t\t\t\t\t\t\t\t\t\t\t\t\t\t<img loading=\"lazy\" decoding=\"async\" width=\"600\" height=\"679\" src=\"https:\/\/vigna.ch\/wp-content\/uploads\/2023\/07\/DSC02986-905x1024.jpeg\" class=\"attachment-large size-large wp-image-820\" alt=\"\" srcset=\"https:\/\/vigna.ch\/wp-content\/uploads\/2023\/07\/DSC02986-905x1024.jpeg 905w, https:\/\/vigna.ch\/wp-content\/uploads\/2023\/07\/DSC02986-265x300.jpeg 265w, https:\/\/vigna.ch\/wp-content\/uploads\/2023\/07\/DSC02986-768x869.jpeg 768w, https:\/\/vigna.ch\/wp-content\/uploads\/2023\/07\/DSC02986-1358x1536.jpeg 1358w, https:\/\/vigna.ch\/wp-content\/uploads\/2023\/07\/DSC02986-1811x2048.jpeg 1811w, https:\/\/vigna.ch\/wp-content\/uploads\/2023\/07\/DSC02986-500x565.jpeg 500w, https:\/\/vigna.ch\/wp-content\/uploads\/2023\/07\/DSC02986-800x905.jpeg 800w, https:\/\/vigna.ch\/wp-content\/uploads\/2023\/07\/DSC02986-1280x1448.jpeg 1280w, https:\/\/vigna.ch\/wp-content\/uploads\/2023\/07\/DSC02986-1920x2172.jpeg 1920w, https:\/\/vigna.ch\/wp-content\/uploads\/2023\/07\/DSC02986-1240x1402.jpeg 1240w, https:\/\/vigna.ch\/wp-content\/uploads\/2023\/07\/DSC02986-508x575.jpeg 508w\" sizes=\"(max-width: 600px) 100vw, 600px\" \/>\t\t\t\t\t\t\t\t\t\t\t\t\t\t\t<\/div>\n\t\t\t\t<\/div>\n\t\t\t\t\t<\/div>\n\t\t<\/div>\n\t\t\t\t\t<\/div>\n\t\t<\/section>\n\t\t\t\t<section class=\"elementor-section elementor-top-section elementor-element elementor-element-44e7cc6 elementor-section-boxed elementor-section-height-default elementor-section-height-default\" data-id=\"44e7cc6\" data-element_type=\"section\" data-e-type=\"section\">\n\t\t\t\t\t\t<div class=\"elementor-container elementor-column-gap-default\">\n\t\t\t\t\t<div class=\"elementor-column elementor-col-50 elementor-top-column elementor-element elementor-element-fc4ef37\" data-id=\"fc4ef37\" data-element_type=\"column\" data-e-type=\"column\">\n\t\t\t<div class=\"elementor-widget-wrap\">\n\t\t\t\t\t\t\t<\/div>\n\t\t<\/div>\n\t\t\t\t<div class=\"elementor-column elementor-col-50 elementor-top-column elementor-element elementor-element-cc64314\" data-id=\"cc64314\" data-element_type=\"column\" data-e-type=\"column\">\n\t\t\t<div class=\"elementor-widget-wrap\">\n\t\t\t\t\t\t\t<\/div>\n\t\t<\/div>\n\t\t\t\t\t<\/div>\n\t\t<\/section>\n\t\t\t\t<section class=\"elementor-section elementor-top-section elementor-element elementor-element-0fec932 elementor-section-boxed elementor-section-height-default elementor-section-height-default\" data-id=\"0fec932\" data-element_type=\"section\" data-e-type=\"section\">\n\t\t\t\t\t\t<div class=\"elementor-container elementor-column-gap-default\">\n\t\t\t\t\t<div class=\"elementor-column elementor-col-100 elementor-top-column elementor-element elementor-element-8b27de7\" data-id=\"8b27de7\" data-element_type=\"column\" data-e-type=\"column\">\n\t\t\t<div class=\"elementor-widget-wrap\">\n\t\t\t\t\t\t\t<\/div>\n\t\t<\/div>\n\t\t\t\t\t<\/div>\n\t\t<\/section>\n\t\t\t\t<section class=\"elementor-section elementor-top-section elementor-element elementor-element-54f6dc1 elementor-section-boxed elementor-section-height-default elementor-section-height-default\" data-id=\"54f6dc1\" data-element_type=\"section\" data-e-type=\"section\">\n\t\t\t\t\t\t<div class=\"elementor-container elementor-column-gap-default\">\n\t\t\t\t\t<div class=\"elementor-column elementor-col-100 elementor-top-column elementor-element elementor-element-b670cd2\" data-id=\"b670cd2\" data-element_type=\"column\" data-e-type=\"column\">\n\t\t\t<div class=\"elementor-widget-wrap\">\n\t\t\t\t\t\t\t<\/div>\n\t\t<\/div>\n\t\t\t\t\t<\/div>\n\t\t<\/section>\n\t\t\t\t<\/div>\n\t\t","protected":false},"excerpt":{"rendered":"<p>Im Freien Am Vormittag ist es auf der Terrasse Richtung Westen noch sch\u00f6n schattig. Vom April bis Oktober erreicht die Sonne jedoch den Sitzplatz beim Garten ab ca. 10.00 Uhr. Dort, beim Gartenhaus und der Feuerstelle, steht ein Gartentisch mit 4 St\u00fchlen. In der H\u00e4ngematte unter den Reben l\u00e4sst es sich wunderbar ausruhen. Die Kinder [&hellip;]<\/p>\n","protected":false},"author":1,"featured_media":0,"parent":0,"menu_order":0,"comment_status":"closed","ping_status":"closed","template":"elementor_header_footer","meta":{"_mc_calendar":[],"_vp_format_video_url":"","_vp_image_focal_point":[],"footnotes":""},"class_list":["post-23","page","type-page","status-publish","hentry"],"_links":{"self":[{"href":"https:\/\/vigna.ch\/index.php?rest_route=\/wp\/v2\/pages\/23","targetHints":{"allow":["GET"]}}],"collection":[{"href":"https:\/\/vigna.ch\/index.php?rest_route=\/wp\/v2\/pages"}],"about":[{"href":"https:\/\/vigna.ch\/index.php?rest_route=\/wp\/v2\/types\/page"}],"author":[{"embeddable":true,"href":"https:\/\/vigna.ch\/index.php?rest_route=\/wp\/v2\/users\/1"}],"replies":[{"embeddable":true,"href":"https:\/\/vigna.ch\/index.php?rest_route=%2Fwp%2Fv2%2Fcomments&post=23"}],"version-history":[{"count":77,"href":"https:\/\/vigna.ch\/index.php?rest_route=\/wp\/v2\/pages\/23\/revisions"}],"predecessor-version":[{"id":966,"href":"https:\/\/vigna.ch\/index.php?rest_route=\/wp\/v2\/pages\/23\/revisions\/966"}],"wp:attachment":[{"href":"https:\/\/vigna.ch\/index.php?rest_route=%2Fwp%2Fv2%2Fmedia&parent=23"}],"curies":[{"name":"wp","href":"https:\/\/api.w.org\/{rel}","templated":true}]}}